{"id":238,"date":"2025-01-02T14:39:12","date_gmt":"2025-01-02T13:39:12","guid":{"rendered":"https:\/\/shop.abawo.de\/?post_type=product&#038;p=238"},"modified":"2025-01-10T13:03:46","modified_gmt":"2025-01-10T12:03:46","slug":"gangschalter-keant","status":"publish","type":"product","link":"https:\/\/shop.abawo.de\/de\/produkt\/gangschalter-keant\/","title":{"rendered":"Gangschalter - KeAnt"},"content":{"rendered":"<p class=\"translation-block\">Die <strong>KeAnt Gangschalter<\/strong> bringen ein ganz neues Level an Immersion in deine virtuellen Fahrten mit deinem Ergometer. <br>\nDie Gangschalter sind ein Add-On f\u00fcr den <a href=\"https:\/\/shop.abawo.de\/de\/product\/keant\/\" target=\"_self\">KeAnt<\/a>, und geben deinem Ergometer 17 virtuelle G\u00e4nge.<br>\nDank der schnellen Gangwechsel meisterst du jede Bergfahrt und Abfahrt in deiner Lieblings-Simulations-App genau so, wie du willst.<\/p>\n<p class=\"translation-block\">W\u00e4hle zwischen einem Ein-Knopf- oder Zwei-Knopf-Setup: Beide erm\u00f6glichen dir das Hoch- und Runterschalten. Die Zwei-Knopf-Variante bietet dir zus\u00e4tzlichen Komfort und blitzschnelle Gangwechsel.<\/p>\n<p><strong>Warum Upgraden?<\/strong><\/p>\n<ul>\n<li class=\"translation-block\"><strong>Realistischeres Fahrgef\u00fchl:<\/strong> Erlebe das Terrain wie drau\u00dfen \u2013 mit realistischeren Gangwechseln, die die Simulation intensivieren und das Fahrgef\u00fchl noch n\u00e4her an echtes Outdoor-Cycling heranbringen.<\/li>\n<li><strong>Seamless Integration:<\/strong> One Minute to get started. Developed with the KeAnt for seamless integration.<\/li>\n<li class=\"translation-block\"><strong>Vorsprung sichern:<\/strong> \u00dcberhole deine Konkurrenz bei virtuellen Fahrten mit schnellen Reaktionen auf jedes Gel\u00e4nde.<\/li>\n<\/ul>\n<p class=\"translation-block\"><strong>Hinweis:<\/strong> Die KeAnt Gangschalter sind ein Add-On f\u00fcr den <a href=\"https:\/\/shop.abawo.de\/de\/produkt\/keant\/\" target=\"_self\">KeAnt<\/a> und k\u00f6nnen nicht eigenst\u00e4ndig verwendet werden.<\/p>","protected":false},"excerpt":{"rendered":"<p class=\"translation-block\">Die <strong>KeAnt Gangschalter<\/strong> sind Schaltkn\u00f6pfe entwickelt f\u00fcr den <a href=\"https:\/\/shop.abawo.de\/de\/product\/keant\/\" target=\"_self\">KeAnt<\/a>. Mit diesen Gangschaltern gibst du deinem Ergometer 17 G\u00e4nge f\u00fcr ein immersiveres Fahrerlebnis in Simulations-Apps. Du kannst entweder einen oder zwei Gangschalter w\u00e4hlen - beides erlaubt dir, hoch und runterzuschalten, aber zwei Gangschalter machen dies schneller und angenehmer.<\/p>\n<p class=\"translation-block\"><strong>Dieses Produkt ist ein Add-On f\u00fcr den <a href=\"https:\/\/shop.abawo.de\/de\/produkt\/keant\/\" target=\"_self\">KeAnt<\/a>, und funktioniert nicht alleinstehend.<\/strong><\/p>","protected":false},"featured_media":284,"comment_status":"open","ping_status":"closed","template":"","meta":{"site-sidebar-layout":"default","site-content-layout":"","ast-site-content-layout":"default","site-content-style":"default","site-sidebar-style":"default","ast-global-header-display":"","ast-banner-title-visibility":"","ast-main-header-display":"","ast-hfb-above-header-display":"","ast-hfb-below-header-display":"","ast-hfb-mobile-header-display":"","site-post-title":"","ast-breadcrumbs-content":"","ast-featured-img":"","footer-sml-layout":"","ast-disable-related-posts":"","theme-transparent-header-meta":"default","adv-header-id-meta":"","stick-header-meta":"","header-above-stick-meta":"","header-main-stick-meta":"","header-below-stick-meta":"","astra-migrate-meta-layouts":"set","ast-page-background-enabled":"default","ast-page-background-meta":{"desktop":{"background-color":"var(--ast-global-color-4)","background-image":"","background-repeat":"repeat","background-position":"center center","background-size":"auto","background-attachment":"scroll","background-type":"","background-media":"","overlay-type":"","overlay-color":"","overlay-opacity":"","overlay-gradient":""},"tablet":{"background-color":"","background-image":"","background-repeat":"repeat","background-position":"center center","background-size":"auto","background-attachment":"scroll","background-type":"","background-media":"","overlay-type":"","overlay-color":"","overlay-opacity":"","overlay-gradient":""},"mobile":{"background-color":"","background-image":"","background-repeat":"repeat","background-position":"center center","background-size":"auto","background-attachment":"scroll","background-type":"","background-media":"","overlay-type":"","overlay-color":"","overlay-opacity":"","overlay-gradient":""}},"ast-content-background-meta":{"desktop":{"background-color":"var(--ast-global-color-5)","background-image":"","background-repeat":"repeat","background-position":"center center","background-size":"auto","background-attachment":"scroll","background-type":"","background-media":"","overlay-type":"","overlay-color":"","overlay-opacity":"","overlay-gradient":""},"tablet":{"background-color":"var(--ast-global-color-5)","background-image":"","background-repeat":"repeat","background-position":"center center","background-size":"auto","background-attachment":"scroll","background-type":"","background-media":"","overlay-type":"","overlay-color":"","overlay-opacity":"","overlay-gradient":""},"mobile":{"background-color":"var(--ast-global-color-5)","background-image":"","background-repeat":"repeat","background-position":"center center","background-size":"auto","background-attachment":"scroll","background-type":"","background-media":"","overlay-type":"","overlay-color":"","overlay-opacity":"","overlay-gradient":""}}},"product_brand":[],"product_cat":[40],"product_tag":[88,89],"class_list":{"0":"post-238","1":"product","2":"type-product","3":"status-publish","4":"has-post-thumbnail","6":"product_cat-fitness","7":"product_tag-keant","8":"product_tag-kettler","9":"desktop-align-left","10":"tablet-align-left","11":"mobile-align-left","13":"first","14":"instock","15":"taxable","16":"shipping-taxable","17":"purchasable","18":"product-type-variable"},"_links":{"self":[{"href":"https:\/\/shop.abawo.de\/de\/wp-json\/wp\/v2\/product\/238","targetHints":{"allow":["GET"]}}],"collection":[{"href":"https:\/\/shop.abawo.de\/de\/wp-json\/wp\/v2\/product"}],"about":[{"href":"https:\/\/shop.abawo.de\/de\/wp-json\/wp\/v2\/types\/product"}],"replies":[{"embeddable":true,"href":"https:\/\/shop.abawo.de\/de\/wp-json\/wp\/v2\/comments?post=238"}],"wp:featuredmedia":[{"embeddable":true,"href":"https:\/\/shop.abawo.de\/de\/wp-json\/wp\/v2\/media\/284"}],"wp:attachment":[{"href":"https:\/\/shop.abawo.de\/de\/wp-json\/wp\/v2\/media?parent=238"}],"wp:term":[{"taxonomy":"product_brand","embeddable":true,"href":"https:\/\/shop.abawo.de\/de\/wp-json\/wp\/v2\/product_brand?post=238"},{"taxonomy":"product_cat","embeddable":true,"href":"https:\/\/shop.abawo.de\/de\/wp-json\/wp\/v2\/product_cat?post=238"},{"taxonomy":"product_tag","embeddable":true,"href":"https:\/\/shop.abawo.de\/de\/wp-json\/wp\/v2\/product_tag?post=238"}],"curies":[{"name":"wp","href":"https:\/\/api.w.org\/{rel}","templated":true}]}}