{"id":98,"date":"2024-10-26T20:44:14","date_gmt":"2024-10-26T20:44:14","guid":{"rendered":"https:\/\/shop.abawo.de\/review-authenticity\/"},"modified":"2024-10-26T22:45:33","modified_gmt":"2024-10-26T22:45:33","slug":"review-authenticity","status":"publish","type":"page","link":"https:\/\/shop.abawo.de\/de\/review-authenticity\/","title":{"rendered":"Echtheit der Bewertungen"},"content":{"rendered":"<p>We do not conduct separate checks of reviews to ensure that the displayed reviews actually come from consumers. All visitors to our website can submit reviews for our products. Submitting a review is not tied to a user account or similar.<\/p>\n\n\n\n<p>Wir f\u00fchren keine gesonderten \u00dcberpr\u00fcfungen von Bewertungen durch, um sicherzustellen, dass die dargestellten Bewertungen tats\u00e4chlich von Verbrauchern stammen. Alle Besucher unserer Website k\u00f6nnen Bewertungen f\u00fcr unsere Produkte abgeben. Die Bewertungsabgabe ist nicht an ein Nutzerkonto o.\u00e4. gebunden.<\/p>\n\n\n\n<p><\/p>","protected":false},"excerpt":{"rendered":"<p>We do not conduct separate checks of reviews to ensure that the displayed reviews actually come from consumers. All visitors [&hellip;]<\/p>\n","protected":false},"author":1,"featured_media":0,"parent":0,"menu_order":0,"comment_status":"closed","ping_status":"closed","template":"","meta":{"site-sidebar-layout":"default","site-content-layout":"","ast-site-content-layout":"default","site-content-style":"default","site-sidebar-style":"default","ast-global-header-display":"","ast-banner-title-visibility":"","ast-main-header-display":"","ast-hfb-above-header-display":"","ast-hfb-below-header-display":"","ast-hfb-mobile-header-display":"","site-post-title":"","ast-breadcrumbs-content":"","ast-featured-img":"","footer-sml-layout":"","ast-disable-related-posts":"","theme-transparent-header-meta":"","adv-header-id-meta":"","stick-header-meta":"","header-above-stick-meta":"","header-main-stick-meta":"","header-below-stick-meta":"","astra-migrate-meta-layouts":"default","ast-page-background-enabled":"default","ast-page-background-meta":{"desktop":{"background-color":"var(--ast-global-color-4)","background-image":"","background-repeat":"repeat","background-position":"center center","background-size":"auto","background-attachment":"scroll","background-type":"","background-media":"","overlay-type":"","overlay-color":"","overlay-opacity":"","overlay-gradient":""},"tablet":{"background-color":"","background-image":"","background-repeat":"repeat","background-position":"center center","background-size":"auto","background-attachment":"scroll","background-type":"","background-media":"","overlay-type":"","overlay-color":"","overlay-opacity":"","overlay-gradient":""},"mobile":{"background-color":"","background-image":"","background-repeat":"repeat","background-position":"center center","background-size":"auto","background-attachment":"scroll","background-type":"","background-media":"","overlay-type":"","overlay-color":"","overlay-opacity":"","overlay-gradient":""}},"ast-content-background-meta":{"desktop":{"background-color":"var(--ast-global-color-5)","background-image":"","background-repeat":"repeat","background-position":"center center","background-size":"auto","background-attachment":"scroll","background-type":"","background-media":"","overlay-type":"","overlay-color":"","overlay-opacity":"","overlay-gradient":""},"tablet":{"background-color":"var(--ast-global-color-5)","background-image":"","background-repeat":"repeat","background-position":"center center","background-size":"auto","background-attachment":"scroll","background-type":"","background-media":"","overlay-type":"","overlay-color":"","overlay-opacity":"","overlay-gradient":""},"mobile":{"background-color":"var(--ast-global-color-5)","background-image":"","background-repeat":"repeat","background-position":"center center","background-size":"auto","background-attachment":"scroll","background-type":"","background-media":"","overlay-type":"","overlay-color":"","overlay-opacity":"","overlay-gradient":""}},"footnotes":""},"class_list":["post-98","page","type-page","status-publish","hentry"],"_links":{"self":[{"href":"https:\/\/shop.abawo.de\/de\/wp-json\/wp\/v2\/pages\/98","targetHints":{"allow":["GET"]}}],"collection":[{"href":"https:\/\/shop.abawo.de\/de\/wp-json\/wp\/v2\/pages"}],"about":[{"href":"https:\/\/shop.abawo.de\/de\/wp-json\/wp\/v2\/types\/page"}],"author":[{"embeddable":true,"href":"https:\/\/shop.abawo.de\/de\/wp-json\/wp\/v2\/users\/1"}],"replies":[{"embeddable":true,"href":"https:\/\/shop.abawo.de\/de\/wp-json\/wp\/v2\/comments?post=98"}],"version-history":[{"count":0,"href":"https:\/\/shop.abawo.de\/de\/wp-json\/wp\/v2\/pages\/98\/revisions"}],"wp:attachment":[{"href":"https:\/\/shop.abawo.de\/de\/wp-json\/wp\/v2\/media?parent=98"}],"curies":[{"name":"wp","href":"https:\/\/api.w.org\/{rel}","templated":true}]}}