{"id":11,"date":"2024-10-26T22:16:04","date_gmt":"2024-10-26T22:16:04","guid":{"rendered":"https:\/\/shop.abawo.de\/?page_id=11"},"modified":"2024-10-26T23:14:37","modified_gmt":"2024-10-26T23:14:37","slug":"cancellation","status":"publish","type":"page","link":"https:\/\/shop.abawo.de\/de\/cancellation\/","title":{"rendered":"Wiederrufsbelehrung"},"content":{"rendered":"<p class=\"has-medium-font-size\"><strong>Deutsche Version <a href=\"#wiederrufsbelehrung\" data-type=\"internal\" data-id=\"#wiederrufsbelehrung\">hier<\/a><\/strong><\/p>\n\n\n\n<h1 class=\"wp-block-heading\">Refund and Returns Policy<\/h1>\n\n\n\n<p>We want you to be completely satisfied with your purchase. If you&#8217;re not happy for any reason, you have the right to return your product within 14 days of receiving it.<\/p>\n\n\n\n<h3 class=\"wp-block-heading\">Your Right to Withdraw<\/h3>\n\n\n\n<p>You have the right to withdraw from this contract within 14 days without providing any reason. The withdrawal period starts from the day you, or a third party designated by you (other than the carrier), takes possession of the goods.<\/p>\n\n\n\n<h3 class=\"wp-block-heading\">How to Return an Item<\/h3>\n\n\n\n<p>To initiate a return, please let us know by sending a clear statement via mail or email:<\/p>\n\n\n\n<p>\n        abawo<br>\n        Volker Bretschneider<br>\n        Klosterweg 21<br>\n        D-89233 Neu-Ulm<br>\n        Email: <a href=\"mailto:info@abawo.de\">info@abawo.de<\/a>\n    <\/p>\n\n\n\n<p>You can use the model withdrawal form in the <a href=\"https:\/\/shop.abawo.de\/de\/terms\/#form-en\" data-type=\"link\" data-id=\"https:\/\/shop.abawo.de\/terms\/#form-en\">Terms &amp; Conditions<\/a>, but it&#8217;s not required.<\/p>\n\n\n\n<h3 class=\"wp-block-heading\">Refund Process<\/h3>\n\n\n\n<p>Once we receive your notice of withdrawal, we&#8217;ll refund all payments we&#8217;ve received from you, including standard delivery costs (excluding any additional costs if you chose a different delivery method than our least expensive standard option). We&#8217;ll process the refund within 14 days using the same payment method you used for the original transaction, unless we&#8217;ve agreed otherwise. You won&#8217;t be charged any fees for the refund.<\/p>\n\n\n\n<h3 class=\"wp-block-heading\">Returning the Goods<\/h3>\n\n\n\n<p>We cover the cost of returning the goods. Please send back the items or hand them over to us no later than 14 days from the day you inform us about the withdrawal. The deadline is met if you send the goods before the 14-day period expires.<\/p>\n\n\n\n<p>We may withhold the refund until we&#8217;ve received the goods back or you&#8217;ve provided proof of returning them, whichever comes first.<\/p>\n\n\n\n<h3 class=\"wp-block-heading\">Need Help?<\/h3>\n\n\n\n<p>If you have any questions about our refund and returns policy, feel free to contact us at <a href=\"mailto:info@abawo.de\">info@abawo.de<\/a>.<\/p>\n\n\n\n<hr class=\"wp-block-separator has-alpha-channel-opacity is-style-wide\"\/>\n\n\n\n<p><\/p>\n\n\n\n<h1 class=\"wp-block-heading\" id=\"wiederrufsbelehrung\">Wiederrufsbelehrung<\/h1>\n\n\n\n<h2 class=\"wp-block-heading\">R\u00fcckgabe- und Erstattungsrichtlinie<\/h2>\n\n\n\n<p>Ihre Zufriedenheit ist uns wichtig. Wenn Sie mit Ihrem Kauf nicht zufrieden sind, haben Sie das Recht, Ihr Produkt innerhalb von 14 Tagen nach Erhalt zur\u00fcckzugeben.<\/p>\n\n\n\n<h3 class=\"wp-block-heading\">Ihr Widerrufsrecht<\/h3>\n\n\n\n<p>Sie k\u00f6nnen diesen Vertrag innerhalb von 14 Tagen ohne Angabe von Gr\u00fcnden widerrufen. Die Widerrufsfrist beginnt an dem Tag, an dem Sie oder ein von Ihnen benannter Dritter (au\u00dfer dem Bef\u00f6rderer) die Waren in Besitz genommen haben.<\/p>\n\n\n\n<h3 class=\"wp-block-heading\">So retournieren Sie einen Artikel<\/h3>\n\n\n\n<p>Um eine R\u00fcckgabe einzuleiten, informieren Sie uns bitte durch eine eindeutige Erkl\u00e4rung per Post oder E-Mail:<\/p>\n\n\n\n<p>\n        abawo<br>\n        Volker Bretschneider<br>\n        Klosterweg 21<br>\n        D-89233 Neu-Ulm<br>\n        E-Mail: <a href=\"mailto:info@abawo.de\">info@abawo.de<\/a>\n    <\/p>\n\n\n\n<p>Sie k\u00f6nnen das Muster-Widerrufsformular aus den <a href=\"https:\/\/shop.abawo.de\/de\/terms\/#form-de\">Allgemeinen Gesch\u00e4ftsbedingungen<\/a> verwenden, dies ist jedoch nicht verpflichtend.<\/p>\n\n\n\n<h3 class=\"wp-block-heading\">Erstattungsprozess<\/h3>\n\n\n\n<p>Sobald wir Ihre Widerrufserkl\u00e4rung erhalten haben, erstatten wir Ihnen alle Zahlungen, einschlie\u00dflich der Standard-Lieferkosten (ausgenommen sind zus\u00e4tzliche Kosten, wenn Sie eine andere Art der Lieferung als unsere g\u00fcnstigste Standardlieferung gew\u00e4hlt haben). Die R\u00fcckzahlung erfolgt innerhalb von 14 Tagen \u00fcber dasselbe Zahlungsmittel, das Sie bei der urspr\u00fcnglichen Transaktion eingesetzt haben, es sei denn, es wurde etwas anderes vereinbart. F\u00fcr die R\u00fcckzahlung fallen keine Geb\u00fchren an.<\/p>\n\n\n\n<h3 class=\"wp-block-heading\">R\u00fccksendung der Waren<\/h3>\n\n\n\n<p>Wir \u00fcbernehmen die Kosten f\u00fcr die R\u00fccksendung der Waren. Bitte senden Sie die Artikel sp\u00e4testens 14 Tage ab dem Tag zur\u00fcck, an dem Sie uns \u00fcber den Widerruf informieren. Die Frist ist gewahrt, wenn Sie die Waren vor Ablauf der 14 Tage absenden.<\/p>\n\n\n\n<p>Wir k\u00f6nnen die R\u00fcckzahlung verweigern, bis wir die Waren zur\u00fcckerhalten haben oder Sie den Nachweis erbracht haben, dass Sie die Waren zur\u00fcckgesandt haben, je nachdem, welches der fr\u00fchere Zeitpunkt ist.<\/p>\n\n\n\n<h3 class=\"wp-block-heading\">Brauchen Sie Hilfe?<\/h3>\n\n\n\n<p>Wenn Sie Fragen zu unserer R\u00fcckgabe- und Erstattungsrichtlinie haben, kontaktieren Sie uns gerne unter <a href=\"mailto:info@abawo.de\">info@abawo.de<\/a>.<\/p>\n\n\n\n<p><\/p>","protected":false},"excerpt":{"rendered":"<p>Deutsche Version hier Refund and Returns Policy We want you to be completely satisfied with your purchase. If you&#8217;re not [&hellip;]<\/p>\n","protected":false},"author":1,"featured_media":0,"parent":0,"menu_order":0,"comment_status":"closed","ping_status":"closed","template":"","meta":{"site-sidebar-layout":"default","site-content-layout":"","ast-site-content-layout":"default","site-content-style":"default","site-sidebar-style":"default","ast-global-header-display":"","ast-banner-title-visibility":"","ast-main-header-display":"","ast-hfb-above-header-display":"","ast-hfb-below-header-display":"","ast-hfb-mobile-header-display":"","site-post-title":"","ast-breadcrumbs-content":"","ast-featured-img":"","footer-sml-layout":"","ast-disable-related-posts":"","theme-transparent-header-meta":"","adv-header-id-meta":"","stick-header-meta":"","header-above-stick-meta":"","header-main-stick-meta":"","header-below-stick-meta":"","astra-migrate-meta-layouts":"default","ast-page-background-enabled":"default","ast-page-background-meta":{"desktop":{"background-color":"var(--ast-global-color-4)","background-image":"","background-repeat":"repeat","background-position":"center center","background-size":"auto","background-attachment":"scroll","background-type":"","background-media":"","overlay-type":"","overlay-color":"","overlay-opacity":"","overlay-gradient":""},"tablet":{"background-color":"","background-image":"","background-repeat":"repeat","background-position":"center center","background-size":"auto","background-attachment":"scroll","background-type":"","background-media":"","overlay-type":"","overlay-color":"","overlay-opacity":"","overlay-gradient":""},"mobile":{"background-color":"","background-image":"","background-repeat":"repeat","background-position":"center center","background-size":"auto","background-attachment":"scroll","background-type":"","background-media":"","overlay-type":"","overlay-color":"","overlay-opacity":"","overlay-gradient":""}},"ast-content-background-meta":{"desktop":{"background-color":"var(--ast-global-color-5)","background-image":"","background-repeat":"repeat","background-position":"center center","background-size":"auto","background-attachment":"scroll","background-type":"","background-media":"","overlay-type":"","overlay-color":"","overlay-opacity":"","overlay-gradient":""},"tablet":{"background-color":"var(--ast-global-color-5)","background-image":"","background-repeat":"repeat","background-position":"center center","background-size":"auto","background-attachment":"scroll","background-type":"","background-media":"","overlay-type":"","overlay-color":"","overlay-opacity":"","overlay-gradient":""},"mobile":{"background-color":"var(--ast-global-color-5)","background-image":"","background-repeat":"repeat","background-position":"center center","background-size":"auto","background-attachment":"scroll","background-type":"","background-media":"","overlay-type":"","overlay-color":"","overlay-opacity":"","overlay-gradient":""}},"footnotes":""},"class_list":["post-11","page","type-page","status-publish","hentry"],"_links":{"self":[{"href":"https:\/\/shop.abawo.de\/de\/wp-json\/wp\/v2\/pages\/11","targetHints":{"allow":["GET"]}}],"collection":[{"href":"https:\/\/shop.abawo.de\/de\/wp-json\/wp\/v2\/pages"}],"about":[{"href":"https:\/\/shop.abawo.de\/de\/wp-json\/wp\/v2\/types\/page"}],"author":[{"embeddable":true,"href":"https:\/\/shop.abawo.de\/de\/wp-json\/wp\/v2\/users\/1"}],"replies":[{"embeddable":true,"href":"https:\/\/shop.abawo.de\/de\/wp-json\/wp\/v2\/comments?post=11"}],"version-history":[{"count":0,"href":"https:\/\/shop.abawo.de\/de\/wp-json\/wp\/v2\/pages\/11\/revisions"}],"wp:attachment":[{"href":"https:\/\/shop.abawo.de\/de\/wp-json\/wp\/v2\/media?parent=11"}],"curies":[{"name":"wp","href":"https:\/\/api.w.org\/{rel}","templated":true}]}}